{"id":13526,"date":"2022-03-18T09:24:45","date_gmt":"2022-03-18T06:24:45","guid":{"rendered":"https:\/\/dentaland.com.tr\/v1\/?page_id=13526"},"modified":"2022-04-21T21:56:34","modified_gmt":"2022-04-21T18:56:34","slug":"implant-tedavileri","status":"publish","type":"page","link":"https:\/\/dentaland.com.tr\/v1\/implant-tedavileri\/","title":{"rendered":"Implant Tedavileri"},"content":{"rendered":"<p style=\"text-align: justify; margin: 0cm 0cm 15.0pt 0cm;\"><b><span style=\"font-size: 13.0pt; font-family: Roboto; color: #283b6a; background: white;\">\u0130mplant, eksik di\u015f veya di\u015flerin fonksiyon ve esteti\u011fini geri kazand\u0131rmak i\u00e7in \u00e7ene kemi\u011fine yerle\u015ftirilen titanyum bir silindirdir. \u0130mplant tedavisi, tek bir di\u015f i\u00e7in yap\u0131labilece\u011fi gibi, birden fazla di\u015f veya bir proteze destek ama\u00e7l\u0131 da kullan\u0131labilir. Di\u015flerini kaybetmi\u015f bireylere ikinci bir \u015fans sunan implantlar sayesinde, bireyler hem sa\u011fl\u0131klar\u0131na hem de estetik, g\u00fczel bir g\u00fcl\u00fc\u015fe sahip olurlar.<\/span><\/b><\/p>\n<p style=\"text-align: justify; margin: 0cm 0cm 15.0pt 0cm;\"><b><span style=\"font-size: 13.0pt; font-family: Roboto; color: #283b6a; background: white;\">Protez kullanan hastalar, \u00f6zellikle yemek yerken bir\u00e7ok s\u0131k\u0131nt\u0131 \u00e7eker. Yap\u0131lan ara\u015ft\u0131rmalara g\u00f6re, protez kullanan hastalar\u0131n %29\u2032u sadece yumu\u015fak ve ezilmi\u015f g\u0131dalarla beslenirken, %50\u2032si bir\u00e7ok besinden uzak durur. Hastalar\u0131n %17\u2032 si de kendi di\u015fleri ile daha etkili \u00e7i\u011fnediklerini\u00a0belirtmi\u015flerdir. Total protez kullanan hastalar\u0131n % 66\u2032s\u0131 ise \u00e7i\u011fnemede g\u00fc\u00e7l\u00fck \u00e7ektiklerini s\u00f6ylemi\u015flerdir. \u00c7i\u011fnemede hissedilen zorluklarla birlikte sindirim sisteminde de baz\u0131 rahats\u0131zl\u0131klar g\u00f6r\u00fcl\u00fcr.<\/span><\/b><\/p>\n<p style=\"text-align: justify; margin: 0cm 0cm 15.0pt 0cm;\"><b><span style=\"font-size: 13.0pt; font-family: Roboto; color: #283b6a; background: white;\">\u0130mplant tedavisi ise, diledi\u011finiz zaman diledi\u011finizi yeme \u00f6zg\u00fcrl\u00fc\u011f\u00fcn\u00fc size sunmaktad\u0131r. Ayn\u0131 zamanda implantlar kemik kayb\u0131n\u0131 \u00f6nlemekte de \u00f6nemli rol oynar.<\/span><\/b><\/p>\n<p style=\"text-align: justify; margin: 0cm 0cm 15.0pt 0cm;\"><b><span style=\"font-size: 13.0pt; font-family: Roboto; color: #283b6a; background: white;\">Bir di\u015f kaybedildi\u011finde etraf\u0131ndaki kemik dokusunda da kay\u0131p olur. Kemik, yo\u011funlu\u011funu ve formunu korumak i\u00e7in uyar\u0131c\u0131ya ihtiya\u00e7 duyar. \u00c7ene kemi\u011finiz, di\u015flerin uygulad\u0131\u011f\u0131 kuvvetle s\u00fcrekli bir bas\u0131n\u00e7 alt\u0131ndad\u0131r. Di\u015f, \u00fczerine gelen kuvveti, kendisini \u00e7evreleyen kemi\u011fe iletir.<\/span><\/b><\/p>\n<p style=\"text-align: justify; margin: 0cm 0cm 15.0pt 0cm;\"><b><span style=\"font-size: 13.0pt; font-family: Roboto; color: #283b6a; background: white;\">Di\u015fin kayb\u0131yla uyar\u0131c\u0131 eksikli\u011fi sonucunda kemik kayb\u0131 yani \u201crezorpsiyon\u201d olu\u015fur. \u0130mplant\u0131n yarataca\u011f\u0131 uyar\u0131c\u0131 etki di\u015fin uygulad\u0131\u011f\u0131 ile benzer oldu\u011fu i\u00e7in, kemik kayb\u0131n\u0131 sadece implantlar \u00f6nleyebilirler.<\/span><\/b><\/p>\n","protected":false},"excerpt":{"rendered":"<p>\u0130mplant, eksik di\u015f veya di\u015flerin fonksiyon ve esteti\u011fini geri kazand\u0131rmak i\u00e7in \u00e7ene kemi\u011fine yerle\u015ftirilen titanyum bir silindirdir. \u0130mplant tedavisi, tek bir di\u015f i\u00e7in yap\u0131labilece\u011fi gibi, birden fazla di\u015f veya bir proteze destek ama\u00e7l\u0131 da kullan\u0131labilir. Di\u015flerini kaybetmi\u015f bireylere ikinci bir \u015fans sunan implantlar sayesinde, bireyler hem sa\u011fl\u0131klar\u0131na hem de estetik, g\u00fczel bir g\u00fcl\u00fc\u015fe sahip olurlar. [&hellip;]<\/p>\n","protected":false},"author":1,"featured_media":0,"parent":0,"menu_order":0,"comment_status":"closed","ping_status":"closed","template":"","meta":{"footnotes":""},"class_list":["post-13526","page","type-page","status-publish","hentry"],"_links":{"self":[{"href":"https:\/\/dentaland.com.tr\/v1\/wp-json\/wp\/v2\/pages\/13526","targetHints":{"allow":["GET"]}}],"collection":[{"href":"https:\/\/dentaland.com.tr\/v1\/wp-json\/wp\/v2\/pages"}],"about":[{"href":"https:\/\/dentaland.com.tr\/v1\/wp-json\/wp\/v2\/types\/page"}],"author":[{"embeddable":true,"href":"https:\/\/dentaland.com.tr\/v1\/wp-json\/wp\/v2\/users\/1"}],"replies":[{"embeddable":true,"href":"https:\/\/dentaland.com.tr\/v1\/wp-json\/wp\/v2\/comments?post=13526"}],"version-history":[{"count":1,"href":"https:\/\/dentaland.com.tr\/v1\/wp-json\/wp\/v2\/pages\/13526\/revisions"}],"predecessor-version":[{"id":13527,"href":"https:\/\/dentaland.com.tr\/v1\/wp-json\/wp\/v2\/pages\/13526\/revisions\/13527"}],"wp:attachment":[{"href":"https:\/\/dentaland.com.tr\/v1\/wp-json\/wp\/v2\/media?parent=13526"}],"curies":[{"name":"wp","href":"https:\/\/api.w.org\/{rel}","templated":true}]}}