{"id":13528,"date":"2022-03-18T09:27:50","date_gmt":"2022-03-18T06:27:50","guid":{"rendered":"https:\/\/dentaland.com.tr\/v1\/?page_id=13528"},"modified":"2022-04-21T21:58:53","modified_gmt":"2022-04-21T18:58:53","slug":"zirkonyum","status":"publish","type":"page","link":"https:\/\/dentaland.com.tr\/v1\/zirkonyum\/","title":{"rendered":"Zirkonyum"},"content":{"rendered":"<p><strong>Bu sistemde alt yap\u0131 olarak metal yerine beyaz bir renk olan zirkonyum ala\u015f\u0131m kullan\u0131l\u0131r. Sistemin en b\u00fcy\u00fck avantaj\u0131, ula\u015ft\u0131\u011f\u0131 \u00e7ok y\u00fcksek dayan\u0131l\u0131l\u0131kla, arka b\u00f6lgedeki k\u00f6pr\u00fclerde tam estetik bir g\u00f6r\u00fcn\u00fcm sa\u011flamakt\u0131r.<\/strong><\/p>\n<p><strong>Zirkonyum ak\u0131ll\u0131 seramikleri v\u00fccudumuzla m\u00fckemmel biyo uyum ve do\u011fal g\u00f6r\u00fcn\u00fcm sa\u011flarlar.<\/strong><\/p>\n<p><strong>Y\u00fcksek teknoloji \u00fcr\u00fcn\u00fc olan ve dayan\u0131kl\u0131l\u0131\u011f\u0131n\u0131 uzay mekiklerinde \u0131s\u0131 kalkan\u0131, spor arabalarda fren diski olarak kan\u0131tlam\u0131\u015f olan Zirkonyum oksit \u015fimdi di\u015fhekimleri taraf\u0131ndan kullan\u0131lmaktad\u0131r. Zirkonyum ak\u0131ll\u0131 seramikleri uygulamas\u0131yla di\u015fhekimli\u011fi i\u00e7in geli\u015ftirilen bu teknolojik serami\u011fin prostetik tedaviye katk\u0131s\u0131 b\u00fcy\u00fckt\u00fcr.<\/strong><\/p>\n<p><strong>\u00c7ok dayan\u0131kl\u0131 bir malzeme olmas\u0131 nedeniyle arka b\u00f6lgelerde ve uzun k\u00f6pr\u00fclerde rahatl\u0131kla g\u00fcvenli bir \u015fekilde kullan\u0131l\u0131r.<\/strong><\/p>\n<ul>\n<li><strong>Alt yap\u0131s\u0131nda metal olmamas\u0131 nedeniyle \u0131\u015f\u0131\u011f\u0131 do\u011fal di\u015f gibi k\u0131rar. Bu nedenle \u00e7ok daha estetik \u00e7al\u0131\u015fmalard\u0131r.<\/strong><\/li>\n<li><strong>Kuron veya k\u00f6pr\u00fcn\u00fcn di\u015fetine temasla olan kenar\u0131 sadece zirkon b\u0131rak\u0131ld\u0131\u011f\u0131 i\u00e7in estetik ve sa\u011fl\u0131k a\u00e7\u0131s\u0131ndan daha m\u00fckemmel sonu\u00e7 al\u0131n\u0131r.<\/strong><\/li>\n<li><strong>Metal deste\u011fin di\u015fetinde alerji yapabilme ihtimali olmas\u0131na ra\u011fmen, zirkonun v\u00fccutta alerji reaksiyonu g\u00f6r\u00fclmez.<\/strong><\/li>\n<li><strong>Y\u00fcksek \u0131s\u0131ya, darbeye dayan\u0131kl\u0131, hafif, \u0131s\u0131 ve elektrik iletmeyen bir elementtir.<\/strong><\/li>\n<li><strong>A\u011f\u0131zda tat bozuklu\u011funa, di\u015feti problemine ve a\u011f\u0131z kokusuna yol a\u00e7maz.<\/strong><\/li>\n<li><strong>Zirkonyum altyap\u0131 \u00fczerine yerle\u015ftirilen cercon serami\u011fi yiyecek art\u0131klar\u0131n\u0131n ve mikro organizmalar\u0131n di\u015f y\u00fczeyine tutunma oran\u0131n\u0131 d\u00fc\u015f\u00fcrmektedir.<\/strong><\/li>\n<\/ul>\n<p>Kullan\u0131ld\u0131\u011f\u0131 yerler \u015funlard\u0131r:<\/p>\n<ol>\n<li>a)<strong>Tek di\u015f kuron restorasyonlar\u0131nda<br \/>\n<\/strong>b)<strong>Uzun k\u00f6pr\u00fclerde<br \/>\n<\/strong>c)<strong>\u00a0\u0130mplant \u00fcst\u00fc kuron ve k\u00f6pr\u00fc \u00e7al\u0131\u015fmas\u0131nda<br \/>\n<\/strong>d)<strong>\u00a0Maksimum esteti\u011fin istendi\u011fi durumlarda<\/strong><\/li>\n<\/ol>\n","protected":false},"excerpt":{"rendered":"<p>Bu sistemde alt yap\u0131 olarak metal yerine beyaz bir renk olan zirkonyum ala\u015f\u0131m kullan\u0131l\u0131r. Sistemin en b\u00fcy\u00fck avantaj\u0131, ula\u015ft\u0131\u011f\u0131 \u00e7ok y\u00fcksek dayan\u0131l\u0131l\u0131kla, arka b\u00f6lgedeki k\u00f6pr\u00fclerde tam estetik bir g\u00f6r\u00fcn\u00fcm sa\u011flamakt\u0131r. Zirkonyum ak\u0131ll\u0131 seramikleri v\u00fccudumuzla m\u00fckemmel biyo uyum ve do\u011fal g\u00f6r\u00fcn\u00fcm sa\u011flarlar. Y\u00fcksek teknoloji \u00fcr\u00fcn\u00fc olan ve dayan\u0131kl\u0131l\u0131\u011f\u0131n\u0131 uzay mekiklerinde \u0131s\u0131 kalkan\u0131, spor arabalarda fren diski [&hellip;]<\/p>\n","protected":false},"author":1,"featured_media":0,"parent":0,"menu_order":0,"comment_status":"closed","ping_status":"closed","template":"","meta":{"footnotes":""},"class_list":["post-13528","page","type-page","status-publish","hentry"],"_links":{"self":[{"href":"https:\/\/dentaland.com.tr\/v1\/wp-json\/wp\/v2\/pages\/13528","targetHints":{"allow":["GET"]}}],"collection":[{"href":"https:\/\/dentaland.com.tr\/v1\/wp-json\/wp\/v2\/pages"}],"about":[{"href":"https:\/\/dentaland.com.tr\/v1\/wp-json\/wp\/v2\/types\/page"}],"author":[{"embeddable":true,"href":"https:\/\/dentaland.com.tr\/v1\/wp-json\/wp\/v2\/users\/1"}],"replies":[{"embeddable":true,"href":"https:\/\/dentaland.com.tr\/v1\/wp-json\/wp\/v2\/comments?post=13528"}],"version-history":[{"count":1,"href":"https:\/\/dentaland.com.tr\/v1\/wp-json\/wp\/v2\/pages\/13528\/revisions"}],"predecessor-version":[{"id":13529,"href":"https:\/\/dentaland.com.tr\/v1\/wp-json\/wp\/v2\/pages\/13528\/revisions\/13529"}],"wp:attachment":[{"href":"https:\/\/dentaland.com.tr\/v1\/wp-json\/wp\/v2\/media?parent=13528"}],"curies":[{"name":"wp","href":"https:\/\/api.w.org\/{rel}","templated":true}]}}