{"id":13530,"date":"2022-03-18T09:30:04","date_gmt":"2022-03-18T06:30:04","guid":{"rendered":"https:\/\/dentaland.com.tr\/v1\/?page_id=13530"},"modified":"2022-04-21T21:57:12","modified_gmt":"2022-04-21T18:57:12","slug":"lazer-tedavileri","status":"publish","type":"page","link":"https:\/\/dentaland.com.tr\/v1\/lazer-tedavileri\/","title":{"rendered":"Lazer Tedavileri"},"content":{"rendered":"<p style=\"margin: 0cm 0cm 15.0pt 0cm;\"><span style=\"font-size: 13.0pt; font-family: Roboto; color: #283b6a; background: white;\">Lazer nedir ve nas\u0131l elde edilir?<b><br \/>\nLazerler tek renkli, d\u00fcz, yo\u011fun, tek fazl\u0131 monokromik \u0131\u015f\u0131k \u00fcreten cihazlard\u0131r. Renkli oldu\u011fu gibi renksizde olabilir. G\u00f6r\u00fcn\u00fcrl\u00fck dalga boyu ile ilgilidir. Bu dalga boyu ve g\u00fcc\u00fc t\u0131ptaki kullan\u0131m alan\u0131n\u0131 belirler.<\/b><\/span><\/p>\n<p style=\"margin: 0cm 0cm 15.0pt 0cm;\"><b><span style=\"font-size: 13.0pt; font-family: Roboto; color: #283b6a; background: white;\">Lazer yard\u0131m\u0131yla, elektromanyetik dalgalar g\u00fc\u00e7lenir ve hizalan\u0131r. B\u00f6ylece, tedavi yap\u0131lacak b\u00f6lgede kesici ve yak\u0131c\u0131\u00a0 etkiye sahip, y\u00fcksek enerjili bir \u0131\u015f\u0131k demeti elde edilir.<\/span><\/b><\/p>\n<p style=\"margin: 0cm 0cm 15.0pt 0cm;\"><b><span style=\"font-size: 13.0pt; font-family: Roboto; color: #283b6a; background: white;\">Lazerlerin kullan\u0131m alanlar\u0131, sahip olduklar\u0131 dalgaboylar\u0131na g\u00f6re de\u011fi\u015fmektedir.<\/span><\/b><\/p>\n<p style=\"margin: 0cm 0cm 15.0pt 0cm;\"><b><span style=\"font-size: 13.0pt; font-family: Roboto; color: #283b6a; background: white;\">Farkl\u0131 dalgaboylar\u0131nda, t\u00fcm dokular, farkl\u0131 so\u011furma oranlar\u0131na sahiptirler . Bu y\u00fczden, lazer se\u00e7imi yap\u0131lacak i\u015fleme ba\u011fl\u0131d\u0131r. \u00d6rne\u011fin, KTP lazeri 532nm lik bir dalgaboyuna sahiptir. KTP lazer \u0131\u015f\u0131n\u0131, hemoglobin ve oksihemoglobin araf\u0131ndan y\u00fcksek oranlarda so\u011furulabildi\u011fi i\u00e7in k\u00fc\u00e7\u00fck ve hassas cerrahi i\u015flemler i\u00e7in \u00e7ok uygundur.<\/span><\/b><\/p>\n<p style=\"margin: 0cm 0cm 15.0pt 0cm;\"><span style=\"font-size: 13.0pt; font-family: Roboto; color: #283b6a; background: white;\">Laserin \u00e7al\u0131\u015fma prensibi:<b>\u00a0D\u0131\u015far\u0131dan \u0131\u015f\u0131k verme, elektrik ak\u0131m\u0131 ge\u00e7irmek suretiyle veya kimyasal bir yolla elde edilen enerji, ortamdaki atomlara ula\u015f\u0131r. Bunlar\u0131n baz\u0131lar\u0131 bu enerjiyi emerler. Fazla enerji, atomlar\u0131 karars\u0131z hale getirir. Kendisine bir foton \u00e7arpan, uyar\u0131lm\u0131\u015f ve karars\u0131z atom, fazla enerjiyi foton yay\u0131nlayarak verir. Fotonlar, benzer \u015fekilde di\u011fer fotonlar\u0131n yay\u0131lmas\u0131n\u0131 sa\u011flar. Uyarmalarla ortamdaki fotonlar daha da artar. Atomlar\u0131n hemen hemen hepsi, foton yaymaya ba\u015flay\u0131nca kuvvetlenen \u0131\u015f\u0131n demeti olu\u015fur. Bu, laser \u0131\u015f\u0131n\u0131d\u0131r. Laser \u0131\u015f\u0131nlar\u0131 y\u00fcksek frekansl\u0131 olduklar\u0131ndan g\u00fcne\u015f \u0131\u015f\u0131n\u0131 \u00f6zelliklerine sahiptir. Ancak laser \u0131\u015f\u0131nlar\u0131 tek frekansl\u0131d\u0131r.<\/b><\/span><\/p>\n","protected":false},"excerpt":{"rendered":"<p>Lazer nedir ve nas\u0131l elde edilir? Lazerler tek renkli, d\u00fcz, yo\u011fun, tek fazl\u0131 monokromik \u0131\u015f\u0131k \u00fcreten cihazlard\u0131r. Renkli oldu\u011fu gibi renksizde olabilir. G\u00f6r\u00fcn\u00fcrl\u00fck dalga boyu ile ilgilidir. Bu dalga boyu ve g\u00fcc\u00fc t\u0131ptaki kullan\u0131m alan\u0131n\u0131 belirler. Lazer yard\u0131m\u0131yla, elektromanyetik dalgalar g\u00fc\u00e7lenir ve hizalan\u0131r. B\u00f6ylece, tedavi yap\u0131lacak b\u00f6lgede kesici ve yak\u0131c\u0131\u00a0 etkiye sahip, y\u00fcksek enerjili bir [&hellip;]<\/p>\n","protected":false},"author":1,"featured_media":0,"parent":0,"menu_order":0,"comment_status":"closed","ping_status":"closed","template":"","meta":{"footnotes":""},"class_list":["post-13530","page","type-page","status-publish","hentry"],"_links":{"self":[{"href":"https:\/\/dentaland.com.tr\/v1\/wp-json\/wp\/v2\/pages\/13530","targetHints":{"allow":["GET"]}}],"collection":[{"href":"https:\/\/dentaland.com.tr\/v1\/wp-json\/wp\/v2\/pages"}],"about":[{"href":"https:\/\/dentaland.com.tr\/v1\/wp-json\/wp\/v2\/types\/page"}],"author":[{"embeddable":true,"href":"https:\/\/dentaland.com.tr\/v1\/wp-json\/wp\/v2\/users\/1"}],"replies":[{"embeddable":true,"href":"https:\/\/dentaland.com.tr\/v1\/wp-json\/wp\/v2\/comments?post=13530"}],"version-history":[{"count":1,"href":"https:\/\/dentaland.com.tr\/v1\/wp-json\/wp\/v2\/pages\/13530\/revisions"}],"predecessor-version":[{"id":13531,"href":"https:\/\/dentaland.com.tr\/v1\/wp-json\/wp\/v2\/pages\/13530\/revisions\/13531"}],"wp:attachment":[{"href":"https:\/\/dentaland.com.tr\/v1\/wp-json\/wp\/v2\/media?parent=13530"}],"curies":[{"name":"wp","href":"https:\/\/api.w.org\/{rel}","templated":true}]}}