{"id":13532,"date":"2022-03-18T09:30:56","date_gmt":"2022-03-18T06:30:56","guid":{"rendered":"https:\/\/dentaland.com.tr\/v1\/?page_id=13532"},"modified":"2022-04-21T20:53:24","modified_gmt":"2022-04-21T17:53:24","slug":"dis-beyazlatma","status":"publish","type":"page","link":"https:\/\/dentaland.com.tr\/v1\/dis-beyazlatma\/","title":{"rendered":"Di\u015f Beyazlatma"},"content":{"rendered":"<h3>Di\u015f Beyazlatma<\/h3>\n<p><strong>Di\u015fhekimli\u011finde estetik ve restoratif maddelerin geli\u015fmesiyle pek \u00e7ok renk, \u015fekil, konum bozukluklar\u0131 kolayl\u0131kla \u00e7\u00f6z\u00fcmlenebilmektedir. Renklenmi\u015f di\u015flerin beyazlat\u0131lmas\u0131 (bleaching), di\u011fer restoratif metotlara k\u0131yasla daha ucuz, pratik ve zarars\u0131zd\u0131r.<\/strong><\/p>\n<p><strong>Di\u015f Beyazlatma (Bleaching) Y\u00f6ntemleri<br \/>\nDi\u015f beyazlatma (bleaching) metotlar\u0131 \u00fc\u00e7 ana grupta toplan\u0131r:<\/strong><\/p>\n<p><strong>1)\u00a0\u00a0\u00a0 Kimyasal Di\u015f Beyazlatma<br \/>\n2)\u00a0\u00a0\u00a0 Fototermal Di\u015f Beyazlatma<br \/>\n3)\u00a0\u00a0\u00a0 Fotokimyasal Di\u015f Beyazlatma<\/strong><\/p>\n<p>Kimyasal Di\u015f Beyazlatma<strong><br \/>\nBu teknikte, di\u015f beyazlat\u0131c\u0131 jel, \u00f6zel olarak yap\u0131lm\u0131\u015f di\u015f kal\u0131plar\u0131 yard\u0131m\u0131yla di\u015flere uygulan\u0131r. Ancak kimyasal di\u015f beyazlatma tekni\u011finin di\u015f minesine bir miktar olumsuz etkisinin olabilece\u011fi unutulmamal\u0131d\u0131r. \u00c7e\u015fitli kozmetik \u00fcr\u00fcnler aras\u0131nda da sat\u0131labilen bu kimyasallar mutlaka bir di\u015fhekimi g\u00f6zetiminde kullan\u0131lmal\u0131d\u0131r.<\/strong><\/p>\n<p>Fototermal Di\u015f Beyazlatma<strong><br \/>\nBu y\u00f6ntemde de yine bir miktar \u00f6zel bir jel kullan\u0131l\u0131r. Ancak \u00f6nceki metottan farkl\u0131 olarak y\u00fcksek enerjili \u00f6zel bir \u0131\u015f\u0131n demeti yard\u0131m\u0131yla uygulan\u0131r. I\u015f\u0131k kayna\u011f\u0131 bir seri LED veya diyot-lazer den olu\u015fabilir. Yine bu y\u00f6ntemde de muhtemel olumsuz etkilerin olabilece\u011finden mutlaka di\u015fhekimi g\u00f6zetiminde yap\u0131lmal\u0131d\u0131r.<\/strong><\/p>\n<p>Fotokimyasal Di\u015f Beyazlatma<strong><br \/>\nBu di\u015f\u00a0 beyazlatma y\u00f6nteminde, beyazlatma jeli bir UV-lamba (mavi \u0131\u015f\u0131k) veya bir KTP lazeri (ye\u015fil \u0131\u015f\u0131k) kullan\u0131larak aktive edilir. Bu metodu di\u011ferlerinden ay\u0131ran \u00f6zellik ise kullan\u0131lan \u0131\u015f\u0131k kayna\u011f\u0131n\u0131n da ayr\u0131ca di\u015fi beyazlat\u0131c\u0131 etkisinin olmas\u0131d\u0131r (foto oksidasyon). Bu uygulama, di\u015fler \u00fczerinde daha derin bir beyazlatma sa\u011flar. UV-I\u015f\u0131k kullan\u0131rken \u00e7evre dokular (dudaklar, di\u015fetleri, dil vb.) muhtemel yan\u0131k yaralanmalar\u0131na kar\u015f\u0131 iyi korunmal\u0131d\u0131r. KTP lazeri kullan\u0131rken ise yanma riski yoktur, ancak di\u015fetleri beyazlatma jelinin s\u0131z\u0131nt\u0131lar\u0131na kar\u015f\u0131 korunmal\u0131d\u0131r (gingiva block). KTP lazeri ile beyazlatman\u0131n b\u00fcy\u00fck bir avantaj\u0131 da; geni\u015f bilimsel ara\u015ft\u0131rmalar sonucunda di\u015f minesi \u00fczerinde yan etkilerinin g\u00f6zlenmemi\u015f olmas\u0131d\u0131r. Di\u015f beyazlatma i\u015flemi sonras\u0131nda yap\u0131lacak florid uygulanmas\u0131 di\u015f minelerini g\u00fc\u00e7lendirir ve \u00e7\u00fcr\u00fcmeleri <\/strong><\/p>\n","protected":false},"excerpt":{"rendered":"<p>Di\u015f Beyazlatma Di\u015fhekimli\u011finde estetik ve restoratif maddelerin geli\u015fmesiyle pek \u00e7ok renk, \u015fekil, konum bozukluklar\u0131 kolayl\u0131kla \u00e7\u00f6z\u00fcmlenebilmektedir. Renklenmi\u015f di\u015flerin beyazlat\u0131lmas\u0131 (bleaching), di\u011fer restoratif metotlara k\u0131yasla daha ucuz, pratik ve zarars\u0131zd\u0131r. Di\u015f Beyazlatma (Bleaching) Y\u00f6ntemleri Di\u015f beyazlatma (bleaching) metotlar\u0131 \u00fc\u00e7 ana grupta toplan\u0131r: 1)\u00a0\u00a0\u00a0 Kimyasal Di\u015f Beyazlatma 2)\u00a0\u00a0\u00a0 Fototermal Di\u015f Beyazlatma 3)\u00a0\u00a0\u00a0 Fotokimyasal Di\u015f Beyazlatma Kimyasal Di\u015f [&hellip;]<\/p>\n","protected":false},"author":1,"featured_media":0,"parent":0,"menu_order":0,"comment_status":"closed","ping_status":"closed","template":"","meta":{"footnotes":""},"class_list":["post-13532","page","type-page","status-publish","hentry"],"_links":{"self":[{"href":"https:\/\/dentaland.com.tr\/v1\/wp-json\/wp\/v2\/pages\/13532","targetHints":{"allow":["GET"]}}],"collection":[{"href":"https:\/\/dentaland.com.tr\/v1\/wp-json\/wp\/v2\/pages"}],"about":[{"href":"https:\/\/dentaland.com.tr\/v1\/wp-json\/wp\/v2\/types\/page"}],"author":[{"embeddable":true,"href":"https:\/\/dentaland.com.tr\/v1\/wp-json\/wp\/v2\/users\/1"}],"replies":[{"embeddable":true,"href":"https:\/\/dentaland.com.tr\/v1\/wp-json\/wp\/v2\/comments?post=13532"}],"version-history":[{"count":1,"href":"https:\/\/dentaland.com.tr\/v1\/wp-json\/wp\/v2\/pages\/13532\/revisions"}],"predecessor-version":[{"id":13533,"href":"https:\/\/dentaland.com.tr\/v1\/wp-json\/wp\/v2\/pages\/13532\/revisions\/13533"}],"wp:attachment":[{"href":"https:\/\/dentaland.com.tr\/v1\/wp-json\/wp\/v2\/media?parent=13532"}],"curies":[{"name":"wp","href":"https:\/\/api.w.org\/{rel}","templated":true}]}}