{"id":13957,"date":"2022-04-22T09:11:38","date_gmt":"2022-04-22T06:11:38","guid":{"rendered":"https:\/\/dentaland.com.tr\/v1\/?page_id=13957"},"modified":"2022-04-22T09:11:38","modified_gmt":"2022-04-22T06:11:38","slug":"laminate-veneer-2","status":"publish","type":"page","link":"https:\/\/dentaland.com.tr\/v1\/laminate-veneer-2\/","title":{"rendered":"Laminate Veneer"},"content":{"rendered":"\t\t<div data-elementor-type=\"wp-page\" data-elementor-id=\"13957\" class=\"elementor elementor-13957\">\n\t\t\t\t\t\t<section class=\"elementor-section elementor-top-section elementor-element elementor-element-878f720 elementor-section-boxed elementor-section-height-default elementor-section-height-default\" data-id=\"878f720\" data-element_type=\"section\" data-e-type=\"section\">\n\t\t\t\t\t\t<div class=\"elementor-container elementor-column-gap-default\">\n\t\t\t\t\t<div class=\"elementor-column elementor-col-100 elementor-top-column elementor-element elementor-element-77fcfdc\" data-id=\"77fcfdc\" data-element_type=\"column\" data-e-type=\"column\">\n\t\t\t<div class=\"elementor-widget-wrap elementor-element-populated\">\n\t\t\t\t\t\t<div class=\"elementor-element elementor-element-841a111 elementor-widget elementor-widget-text-editor\" data-id=\"841a111\" data-element_type=\"widget\" data-e-type=\"widget\" data-widget_type=\"text-editor.default\">\n\t\t\t\t<div class=\"elementor-widget-container\">\n\t\t\t\t\t\t\t\t\t<p style=\"background: white; margin: 0cm 0cm 15.0pt 0cm;\"><strong><span style=\"font-size: 13.0pt; font-family: Roboto; color: #283b6a; background: white;\">Laminate kaplama (Laminat Vener-dental veneer) nedir?<\/span><\/strong><\/p><p style=\"background: white; margin: 0cm 0cm 15.0pt 0cm;\"><span style=\"font-size: 13.0pt; font-family: Roboto; color: #283b6a; background: white;\"><b>(Laminey, Lamine ya da lamina olarak da bilinir.=Yaprak Porselen) G\u00f6r\u00fcn\u00fc\u015f\u00fcn\u00fcz\u00fc olumsuz y\u00f6nde etkileyen bir \u00e7ok di\u015f bozukluklar\u0131nda uygulanabilen kozmetik bir \u00e7\u00f6z\u00fcmd\u00fcr. Laminat yaprak kaplamalarda temel olarak estetik sorunlar\u0131 olan \u00f6n di\u015flerde, porselenden haz\u0131rlanan tabakan\u0131n di\u015flerin \u00f6n y\u00fczlerine yap\u0131\u015ft\u0131r\u0131lmas\u0131yla bu sorunlar\u0131n giderilmesini ama\u00e7layan bir tedavi \u015feklidir. \u00c7o\u011fu durumda sa\u011flam yap\u0131lar\u0131 ve bozulmayan renkleriyle di\u015flere do\u011fal bir g\u00fczellikle birlikte, do\u011fal bir i\u015flev kazand\u0131rmak i\u00e7in yeterlidirler.<br \/><br \/>Porselenden imal edilen bu kaplamalar ince, yar\u0131 ge\u00e7irgen bir tabakad\u0131r. Mevcut bir di\u015f \u00fczerine m\u00fckemmel bir uyum ve hassasiyetle haz\u0131rlan\u0131p yerle\u015ftirilirler. Di\u015fin \u00f6n y\u00fcz\u00fc ile kaplaman\u0131n i\u00e7 y\u00fcz\u00fc \u00f6zel bir rezinle (yap\u0131\u015ft\u0131r\u0131c\u0131 bir ara madde) yap\u0131\u015ft\u0131r\u0131l\u0131r. \u0130\u015flem bitti\u011finde m\u00fckemmel bir kayna\u015fma beklenir.<\/b><\/span><\/p><p style=\"background: white; margin: 0cm 0cm 15.0pt 0cm;\"><span style=\"font-size: 13.0pt; font-family: Roboto; color: #283b6a; background: white;\">Laminate tedavisine hangi durumlarda\u00a0 ba\u015fvurulur?<b><br \/>Laminate vener kaplamalar temel olarak, renk de\u011fi\u015fikliklerinin giderilmesi ve belli bir dereceye kadar \u015fekil d\u00fczeltilmesi amac\u0131yla yap\u0131labilirler. Ba\u015fl\u0131ca uygulama alanlar\u0131 \u015fu \u015fekilde \u00f6zetlenebilir:<br \/>\u00a0Renklenmelerde, bleaching (di\u015f beyazlatma) gibi metotlarla sonu\u00e7 al\u0131nmayan ileri derecedeki antibiyotik, flor vb. lekelerinde kal\u0131tsal yap\u0131 ve renk bozukluklar\u0131nda,<br \/>\u00a0<br \/>\u00a0Ayr\u0131k di\u015fleri biti\u015ftirmede (diastema kapama),<br \/>\u00a0<br \/>\u00a0K\u0131r\u0131k veya a\u015f\u0131nm\u0131\u015f di\u015flerin restorasyonunda,<br \/>\u00a0<br \/>\u00a0Rengi ve yap\u0131s\u0131 bozulmu\u015f eski dolgular\u0131n d\u00fczeltilmesinde,<br \/>\u00a0<br \/>\u00a0\u00c7apra\u015f\u0131k ve e\u011fri di\u015flerin d\u00fczeltilmesinde (ortodontik tedavi alternatifi olarak)<br \/>\u00a0<\/b><\/span><\/p><p style=\"background: white; margin: 0cm 0cm 15.0pt 0cm;\"><b><span style=\"font-size: 13.0pt; font-family: Roboto; color: #283b6a; background: white;\">kozmetik bir alternatif olabilir.\u00a0\u00a0<\/span><\/b><\/p><p style=\"background: white; margin: 0cm 0cm 15.0pt 0cm;\"><span style=\"font-size: 13.0pt; font-family: Roboto; color: #283b6a; background: white;\">Laminate tedavisinden kimler yaralanabilir?<b><br \/><br \/>Hemen hemen herkes! Yukar\u0131daki sebeplerden dolay\u0131 \u015fikayet\u00e7i olan her ya\u015f grubundaki ki\u015filer laminat tedavisinden yararlanabilir. Ancak, \u00e7ene bozukluklar\u0131, t\u0131rnak yeme, kalem \u0131s\u0131rma gibi k\u00f6t\u00fc al\u0131\u015fkanl\u0131klar ileri derecede di\u015feti tahribatlar\u0131n\u0131n mevcut oldu\u011fu durumlarda uygulanmaz. Buna en iyi karar verecek olan di\u015fhekiminizdir.<br \/><br \/><\/b>Laminate tedavinin klinik uygulama a\u015famalar\u0131 k\u0131saca nedir?<b><br \/>\u00d6ncelikle di\u015finiz i\u015fleme haz\u0131rlan\u0131r, \u00fczerindeki art\u0131klar temizlenir. Ard\u0131ndan di\u015finizin tam bir kopyas\u0131n\u0131 elde etmek i\u00e7in \u00f6l\u00e7\u00fc al\u0131n\u0131r. Porselen malzemeden di\u015finize yap\u0131\u015ft\u0131r\u0131lacak olan tabaka haz\u0131rlan\u0131r. Son olarak da, adeziv sistemlerde (bonding) oldu\u011fu gibi, laminatlar da mevcut di\u015fin y\u00fczeyine rezinle (yap\u0131\u015ft\u0131r\u0131c\u0131 bir ara madde) kayna\u015ft\u0131r\u0131l\u0131r.<br \/><br \/><\/b>Laminatelar uzun \u00f6m\u00fcrl\u00fc m\u00fcd\u00fcr? Dayan\u0131kl\u0131 m\u0131d\u0131r?<b><br \/>Laminatlar iyi bir a\u011f\u0131z bak\u0131m\u0131yla y\u0131llarca sorunsuz olarak kullan\u0131labilirler. \u00c7\u00fcnk\u00fc di\u011fer adeziv sistemlerden (bonding) daha \u00fcst\u00fcn \u00f6zelliklere sahip porselenden imal edilmi\u015flerdir. Lekelenme ve a\u015f\u0131nmaya kar\u015f\u0131 daha diren\u00e7lidirler. \u00d6m\u00fcrlerini uzatmak i\u00e7in a\u011f\u0131z bak\u0131m\u0131na dikkat etmek gerekir. Ayr\u0131ca, \u00e7ok sert g\u0131dalar\u0131 \u0131s\u0131rmaktan, t\u0131rnak yemek gibi k\u00f6t\u00fc al\u0131\u015fkanl\u0131klardan ka\u00e7\u0131nmak gerekir.<br \/>yukar\u0131<\/b><\/span><\/p><p style=\"background: white; margin: 0cm 0cm 15.0pt 0cm;\"><span style=\"font-size: 13.0pt; font-family: Roboto; color: #283b6a; background: white;\">Laminate veneer&#8217;in avantajlar\u0131 nelerdir?<b><br \/>\u00c7\u00fcr\u00fck, a\u015f\u0131nma, k\u0131r\u0131k veya yap\u0131sal anomalilerden dolay\u0131, kendinizden emin bir \u015fekilde g\u00fcl\u00fcmseyemedi\u011finiz durumlarda di\u015flerinize bu metotla do\u011fal bir g\u00fczellik kazand\u0131rmak m\u00fcmk\u00fcnd\u00fcr. Daha \u00f6nceleri bu gibi olumsuz durumlarda dolgular ve tam kaplamalar tek \u00e7\u00f6z\u00fcm iken g\u00fcn\u00fcm\u00fczde laminat tedavisi gibi yeni alternatifler mevcuttur. Bu yeni uygulaman\u0131n avantajlar\u0131;<br \/>&#8211; K\u00fc\u00e7\u00fck bir m\u00fcdahale ile \u00e7ok k\u0131sa s\u00fcrede sa\u011fl\u0131kl\u0131 ve do\u011fal bir g\u00f6r\u00fcn\u00fc\u015f elde edilir,<\/b><\/span><\/p><p style=\"background: white; margin: 0cm 0cm 15.0pt 0cm;\"><b><span style=\"font-size: 13.0pt; font-family: Roboto; color: #283b6a; background: white;\">&#8211; Di\u015finizde sadece, t\u0131rnak geni\u015fli\u011finde bir yuva a\u00e7\u0131lmas\u0131 (ki bu da her zaman gerekmeyebilir) yeterlidir,<\/span><\/b><\/p><p style=\"background: white; margin: 0cm 0cm 15.0pt 0cm;\"><b><span style=\"font-size: 13.0pt; font-family: Roboto; color: #283b6a; background: white;\">&#8211; Sa\u011flam, renkleri bozulmayan ve dayan\u0131kl\u0131 malzemelerden \u00fcretilirler.<\/span><\/b><\/p><p style=\"background: white; margin: 0cm 0cm 15.0pt 0cm;\"><b><span style=\"font-size: 13.0pt; font-family: Roboto; color: #283b6a; background: white;\">&#8211; Di\u015flerinizin do\u011fal yap\u0131s\u0131 bozulmadan istediginizin estetik \u00f6zelliklere sahip olmas\u0131 sadece lamineyt veneer ile m\u00fcmk\u00fcnd\u00fcr. Di\u015f \u00fczerinde ya hi\u00e7 bir de\u011fi\u015fiklik yap\u0131lmaz ya da az bir d\u00fczeltme ile sonucun daha m\u00fckemmel olmas\u0131 sa\u011flanabilir. Zaten di\u015f \u00fczerinden kald\u0131r\u0131lan miktar 0,3-0,7 mmile s\u0131n\u0131rl\u0131 oluyor. B\u00f6ylece hi\u00e7 bir di\u015fin kesilmesine (k\u00fc\u00e7\u00fclt\u00fclmesine) gerek kalm\u0131yor.<\/span><\/b><\/p><p style=\"background: white; margin: 0cm 0cm 15.0pt 0cm;\"><b><span style=\"font-size: 13.0pt; font-family: Roboto; color: #283b6a; background: white;\">&#8211; Tedavinin laboratuvar a\u015famas\u0131 sadece 3-4 g\u00fcnd\u00fcr. Ancak g\u00fcl\u00fcmseme tasar\u0131m\u0131nda bu s\u00fcre sonunda dudaklar\u0131n\u0131z\u0131n yeni g\u00f6r\u00fcn\u00fcm\u00fcn\u00fcze uyum sa\u011flamas\u0131 3-4 haftay\u0131 bulabiliyor. bu uyum s\u00fcresince baz\u0131 dudak egzersizleri ve okuma tavsiye ediyoruz. bu s\u00fcre sonunda y\u00fcz\u00fcn\u00fczle tamamen b\u00fct\u00fcnle\u015fmi\u015f ve yapay oldu\u011fu kesinlikle farkedilmeyen yeni di\u015flerinizle rahatl\u0131kla g\u00fcl\u00fcmseyebilirsiniz.<\/span><\/b><\/p><p style=\"background: white; margin: 0cm 0cm 15.0pt 0cm;\"><b><span style=\"font-size: 13.0pt; font-family: Roboto; color: #283b6a; background: white;\">-G\u00f6r\u00fcn\u00fcm\u00fcnden memnun olmad\u0131\u011f\u0131n\u0131z di\u015flerinizin bir kopyas\u0131 elde edilerek \u00fczerinde bir tasar\u0131m yap\u0131labilir. yani di\u015flerinize hi\u00e7 bir m\u00fcdahelede bulunmadan \u00f6nce di\u015flerinizde olu\u015fturalacak de\u011fi\u015fikli\u011fi size g\u00f6sterebiliyoruz.<\/span><\/b><\/p><p style=\"background: white; margin: 0cm 0cm 15.0pt 0cm;\"><b><span style=\"font-size: 13.0pt; font-family: Roboto; color: #283b6a; background: white;\">&#8211; Porselen y\u00fczeyleri son derece p\u00fcr\u00fczs\u00fcz olaca\u011f\u0131 i\u00e7in sigara ve benzeri sebeplerden kaynaklanan lekelenmeleri ve\u00a0 di\u015f ta\u015f\u0131 olu\u015fumlar\u0131n\u0131 minimuma indirir.<\/span><\/b><\/p><p style=\"background: white; margin: 0cm 0cm 15.0pt 0cm;\"><b><span style=\"font-size: 13.0pt; font-family: Roboto; color: #283b6a; background: white;\">&#8211; Kahve, \u00e7ay, sigara gibi d\u0131\u015f etkenlerle renk de\u011fi\u015ftirmez.<\/span><\/b><\/p><p style=\"background: white; margin: 0cm 0cm 15.0pt 0cm;\"><b><span style=\"font-size: 13.0pt; font-family: Roboto; color: #283b6a; background: white;\">&#8211; Materyal olarak olduk\u00e7a k\u0131r\u0131lgand\u0131r. Fakat, mineye tam olarak yap\u0131\u015ft\u0131r\u0131ld\u0131\u011f\u0131nda, germe ve \u00e7ekme kuvvetlerine kar\u015f\u0131 direnci \u00e7ok y\u00fckselir. S\u00f6zgelimi, yap\u0131\u015fm\u0131\u015f bir veneer&#8217;\u0131 di\u015ften b\u00fct\u00fcn olarak s\u00f6kmek m\u00fcmk\u00fcn de\u011fildir. Ancak elmas frezlerle di\u015f y\u00fczeyinden a\u015f\u0131nd\u0131rarak uzakla\u015ft\u0131r\u0131labilir.<br \/>&#8211; A\u015f\u0131nmaya kar\u015f\u0131 direnci y\u00fcksektir.<\/span><\/b><\/p><p style=\"background: white; margin: 0cm 0cm 15.0pt 0cm;\"><span style=\"font-size: 13.0pt; font-family: Roboto; color: #283b6a; background: white;\">Laminate veneer&#8217;in dezavantajlar\u0131 nelerdir?<b><br \/>&#8211; Di\u011fer restorasyonlara g\u00f6re sa\u011f\u0131k a\u00e7\u0131s\u0131ndan \u00fcst\u00fcnl\u00fckleri vard\u0131r. Ancak di\u011ferlerine k\u0131yasla biraz daha pahal\u0131 bir sistemdir.<\/b><\/span><\/p><p style=\"background: white; margin: 0cm 0cm 15.0pt 0cm;\"><b><span style=\"font-size: 13.0pt; font-family: Roboto; color: #283b6a; background: white;\">&#8211; Hassas bir tekniktir. \u0130yi bir klinik ve laboratuar \u00e7al\u0131\u015fmas\u0131 gerektirir. Hekimin ve di\u015f teknisyeninin bu konu \u00fczerine teknik bilgisinin ve sanat yetene\u011finin tam olmas\u0131 gerekir.<\/span><\/b><\/p>\t\t\t\t\t\t\t\t<\/div>\n\t\t\t\t<\/div>\n\t\t\t\t\t<\/div>\n\t\t<\/div>\n\t\t\t\t\t<\/div>\n\t\t<\/section>\n\t\t\t\t<\/div>\n\t\t","protected":false},"excerpt":{"rendered":"","protected":false},"author":1,"featured_media":0,"parent":0,"menu_order":0,"comment_status":"closed","ping_status":"closed","template":"","meta":{"footnotes":""},"class_list":["post-13957","page","type-page","status-publish","hentry"],"_links":{"self":[{"href":"https:\/\/dentaland.com.tr\/v1\/wp-json\/wp\/v2\/pages\/13957","targetHints":{"allow":["GET"]}}],"collection":[{"href":"https:\/\/dentaland.com.tr\/v1\/wp-json\/wp\/v2\/pages"}],"about":[{"href":"https:\/\/dentaland.com.tr\/v1\/wp-json\/wp\/v2\/types\/page"}],"author":[{"embeddable":true,"href":"https:\/\/dentaland.com.tr\/v1\/wp-json\/wp\/v2\/users\/1"}],"replies":[{"embeddable":true,"href":"https:\/\/dentaland.com.tr\/v1\/wp-json\/wp\/v2\/comments?post=13957"}],"version-history":[{"count":1,"href":"https:\/\/dentaland.com.tr\/v1\/wp-json\/wp\/v2\/pages\/13957\/revisions"}],"predecessor-version":[{"id":13958,"href":"https:\/\/dentaland.com.tr\/v1\/wp-json\/wp\/v2\/pages\/13957\/revisions\/13958"}],"wp:attachment":[{"href":"https:\/\/dentaland.com.tr\/v1\/wp-json\/wp\/v2\/media?parent=13957"}],"curies":[{"name":"wp","href":"https:\/\/api.w.org\/{rel}","templated":true}]}}