{"id":14041,"date":"2022-04-24T13:17:29","date_gmt":"2022-04-24T10:17:29","guid":{"rendered":"https:\/\/dentaland.com.tr\/v1\/?page_id=14041"},"modified":"2022-05-06T15:46:57","modified_gmt":"2022-05-06T12:46:57","slug":"uluslararasi-saglik-turizmi","status":"publish","type":"page","link":"https:\/\/dentaland.com.tr\/v1\/uluslararasi-saglik-turizmi\/","title":{"rendered":"Uluslararas\u0131 Sa\u011fl\u0131k Turizmi"},"content":{"rendered":"<p>Sa\u011fl\u0131k Turizmi ile Denteland A\u011f\u0131z ve Di\u015f Sa\u011fl\u0131\u011f\u0131 Poliklini\u011fini se\u00e7en hastalar, sa\u011fl\u0131k hizmeti i\u00e7in \u00e7ok d\u00fc\u015f\u00fck b\u00fct\u00e7elerle, kendi \u00fclkelerinde ki hasta bekleme listelerinden kurtulup, profesyonel hekim hekim kadromuzla, en ileri teknolojik donan\u0131mlara sahip klini\u011fimizde, daha kaliteli ve daha k\u0131sa zamanda hizmet alarak tedavi olmaktad\u0131r.<\/p>\n<table style=\"height: 325px;\" width=\"600\">\n<tbody>\n<tr>\n<td style=\"width: 500px;\">Sa\u011fl\u0131k Turizmi Birim Sorumlumuz:<\/p>\n<p>Dt. Adnan Aykan<\/p>\n<p style=\"margin-bottom: 26px;\">Telefon: 05323451127<\/p>\n<\/td>\n<td><img fetchpriority=\"high\" decoding=\"async\" class=\"alignnone wp-image-14130 size-medium\" src=\"https:\/\/dentaland.com.tr\/v1\/wp-content\/uploads\/2022\/04\/adnan-adnan-akan-yeni-202x300.jpg\" alt=\"\" width=\"202\" height=\"300\" srcset=\"https:\/\/dentaland.com.tr\/v1\/wp-content\/uploads\/2022\/04\/adnan-adnan-akan-yeni-202x300.jpg 202w, https:\/\/dentaland.com.tr\/v1\/wp-content\/uploads\/2022\/04\/adnan-adnan-akan-yeni.jpg 288w\" sizes=\"(max-width: 202px) 100vw, 202px\" \/><\/td>\n<\/tr>\n<\/tbody>\n<\/table>\n<table style=\"height: 325px;\" width=\"600\">\n<tbody>\n<tr>\n<td style=\"width: 500px;\">Sa\u011fl\u0131k Turizmi Birim \u00c7al\u0131\u015fan\u0131:<\/p>\n<p>Ebru Aykan<\/p>\n<p style=\"margin-bottom: 26px;\">Telefon:\u00a0 05324176717<\/p>\n<\/td>\n<td><img decoding=\"async\" class=\"alignnone wp-image-14135 size-medium\" src=\"https:\/\/dentaland.com.tr\/v1\/wp-content\/uploads\/2022\/04\/ebru-aykan-220x300.jpg\" alt=\"\" width=\"220\" height=\"300\" srcset=\"https:\/\/dentaland.com.tr\/v1\/wp-content\/uploads\/2022\/04\/ebru-aykan-220x300.jpg 220w, https:\/\/dentaland.com.tr\/v1\/wp-content\/uploads\/2022\/04\/ebru-aykan.jpg 315w\" sizes=\"(max-width: 220px) 100vw, 220px\" \/><\/td>\n<\/tr>\n<\/tbody>\n<\/table>\n<p>D\u00f6viz hesab\u0131 bilgileri<br \/>\nTL:\u00a0TR 3700 0100 1904 8138 9175 5001<br \/>\nUSD:\u00a0TR53 0001 0019 0481 3891 7550 04<br \/>\nEURO:\u00a0TR26 0001 0019 0481 3891 7550 05<\/p>\n<p style=\"margin-bottom: 26px;\">\n<style>\/*! elementor - v3.6.1 - 23-03-2022 *\/<br \/>.elementor-widget-image{text-align:center}.elementor-widget-image a{display:inline-block}.elementor-widget-image a img[src$=\".svg\"]{width:48px}.elementor-widget-image img{vertical-align:middle;display:inline-block}<\/style>\n<\/p>\n<p><img decoding=\"async\" src=\"https:\/\/dentaland.com.tr\/v1\/wp-content\/uploads\/2022\/04\/saglik-turizmi.jpg\" sizes=\"(max-width: 575px) 100vw, 575px\" srcset=\"https:\/\/dentaland.com.tr\/v1\/wp-content\/uploads\/2022\/04\/saglik-turizmi.jpg 575w, https:\/\/dentaland.com.tr\/v1\/wp-content\/uploads\/2022\/04\/saglik-turizmi-300x170.jpg 300w\" alt=\"\" width=\"575\" height=\"326\" \/><\/p>\n","protected":false},"excerpt":{"rendered":"<p>Sa\u011fl\u0131k Turizmi ile Denteland A\u011f\u0131z ve Di\u015f Sa\u011fl\u0131\u011f\u0131 Poliklini\u011fini se\u00e7en hastalar, sa\u011fl\u0131k hizmeti i\u00e7in \u00e7ok d\u00fc\u015f\u00fck b\u00fct\u00e7elerle, kendi \u00fclkelerinde ki hasta bekleme listelerinden kurtulup, profesyonel hekim hekim kadromuzla, en ileri teknolojik donan\u0131mlara sahip klini\u011fimizde, daha kaliteli ve daha k\u0131sa zamanda hizmet alarak tedavi olmaktad\u0131r. Sa\u011fl\u0131k Turizmi Birim Sorumlumuz: Dt. Adnan Aykan Telefon: 05323451127 Sa\u011fl\u0131k Turizmi [&hellip;]<\/p>\n","protected":false},"author":1,"featured_media":14042,"parent":0,"menu_order":0,"comment_status":"closed","ping_status":"closed","template":"","meta":{"footnotes":""},"class_list":["post-14041","page","type-page","status-publish","has-post-thumbnail","hentry"],"_links":{"self":[{"href":"https:\/\/dentaland.com.tr\/v1\/wp-json\/wp\/v2\/pages\/14041","targetHints":{"allow":["GET"]}}],"collection":[{"href":"https:\/\/dentaland.com.tr\/v1\/wp-json\/wp\/v2\/pages"}],"about":[{"href":"https:\/\/dentaland.com.tr\/v1\/wp-json\/wp\/v2\/types\/page"}],"author":[{"embeddable":true,"href":"https:\/\/dentaland.com.tr\/v1\/wp-json\/wp\/v2\/users\/1"}],"replies":[{"embeddable":true,"href":"https:\/\/dentaland.com.tr\/v1\/wp-json\/wp\/v2\/comments?post=14041"}],"version-history":[{"count":30,"href":"https:\/\/dentaland.com.tr\/v1\/wp-json\/wp\/v2\/pages\/14041\/revisions"}],"predecessor-version":[{"id":14270,"href":"https:\/\/dentaland.com.tr\/v1\/wp-json\/wp\/v2\/pages\/14041\/revisions\/14270"}],"wp:featuredmedia":[{"embeddable":true,"href":"https:\/\/dentaland.com.tr\/v1\/wp-json\/wp\/v2\/media\/14042"}],"wp:attachment":[{"href":"https:\/\/dentaland.com.tr\/v1\/wp-json\/wp\/v2\/media?parent=14041"}],"curies":[{"name":"wp","href":"https:\/\/api.w.org\/{rel}","templated":true}]}}