{"id":8933,"date":"2020-09-05T04:27:56","date_gmt":"2020-09-05T01:27:56","guid":{"rendered":"https:\/\/7oroof.com\/tfdemos\/medcity\/?page_id=8933"},"modified":"2022-04-21T21:52:49","modified_gmt":"2022-04-21T18:52:49","slug":"galeri","status":"publish","type":"page","link":"https:\/\/dentaland.com.tr\/v1\/galeri\/","title":{"rendered":"Galeri"},"content":{"rendered":"\t\t<div data-elementor-type=\"wp-page\" data-elementor-id=\"8933\" class=\"elementor elementor-8933\">\n\t\t\t\t\t\t<section class=\"elementor-section elementor-top-section elementor-element elementor-element-63f68a15 elementor-section-stretched elementor-section-boxed elementor-section-height-default elementor-section-height-default\" data-id=\"63f68a15\" data-element_type=\"section\" data-e-type=\"section\" data-settings=\"{&quot;background_background&quot;:&quot;classic&quot;,&quot;stretch_section&quot;:&quot;section-stretched&quot;}\">\n\t\t\t\t\t\t<div class=\"elementor-container elementor-column-gap-default\">\n\t\t\t\t\t<div class=\"elementor-column elementor-col-100 elementor-top-column elementor-element elementor-element-6f753402\" data-id=\"6f753402\" data-element_type=\"column\" data-e-type=\"column\">\n\t\t\t<div class=\"elementor-widget-wrap\">\n\t\t\t\t\t\t\t<\/div>\n\t\t<\/div>\n\t\t\t\t\t<\/div>\n\t\t<\/section>\n\t\t\t\t<\/div>\n\t\t","protected":false},"excerpt":{"rendered":"<p>Sa\u011fl\u0131kl\u0131 ve \u00f6zg\u00fcvenli g\u00fcl\u00fc\u015fler i\u00e7in&#8230; Dentaland \u00f6rnek vakalar\u0131n\u0131 inceleyin. Siz de g\u00fczel bir g\u00fcl\u00fc\u015fe kavu\u015fun.<\/p>\n","protected":false},"author":1,"featured_media":0,"parent":0,"menu_order":0,"comment_status":"closed","ping_status":"closed","template":"","meta":{"footnotes":""},"class_list":["post-8933","page","type-page","status-publish","hentry"],"_links":{"self":[{"href":"https:\/\/dentaland.com.tr\/v1\/wp-json\/wp\/v2\/pages\/8933","targetHints":{"allow":["GET"]}}],"collection":[{"href":"https:\/\/dentaland.com.tr\/v1\/wp-json\/wp\/v2\/pages"}],"about":[{"href":"https:\/\/dentaland.com.tr\/v1\/wp-json\/wp\/v2\/types\/page"}],"author":[{"embeddable":true,"href":"https:\/\/dentaland.com.tr\/v1\/wp-json\/wp\/v2\/users\/1"}],"replies":[{"embeddable":true,"href":"https:\/\/dentaland.com.tr\/v1\/wp-json\/wp\/v2\/comments?post=8933"}],"version-history":[{"count":17,"href":"https:\/\/dentaland.com.tr\/v1\/wp-json\/wp\/v2\/pages\/8933\/revisions"}],"predecessor-version":[{"id":13917,"href":"https:\/\/dentaland.com.tr\/v1\/wp-json\/wp\/v2\/pages\/8933\/revisions\/13917"}],"wp:attachment":[{"href":"https:\/\/dentaland.com.tr\/v1\/wp-json\/wp\/v2\/media?parent=8933"}],"curies":[{"name":"wp","href":"https:\/\/api.w.org\/{rel}","templated":true}]}}